{"id":75,"date":"2017-01-25T16:17:44","date_gmt":"2017-01-25T15:17:44","guid":{"rendered":"https:\/\/pantasmasdeoza.wordpress.com\/?page_id=75"},"modified":"2017-11-04T16:49:56","modified_gmt":"2017-11-04T16:49:56","slug":"proxecto","status":"publish","type":"page","link":"http:\/\/www.redeoza.org\/pantasmasdeoza\/proxecto\/","title":{"rendered":"ORIXE DO PROXECTO"},"content":{"rendered":"<p>A parroquia de Santa Mar\u00eda de Oza \u2014orixe do barrio dos Castros e Gaiteira\u2014 era\u00a0un espazo eminentemente agrario e pesqueiro\u00a0ata a s\u00faa integraci\u00f3n no municipio da Coru\u00f1a. Esta lonxan\u00eda dos centros de decisi\u00f3n pol\u00edtica e comercial alonxouno tam\u00e9n dos focos do rexistro hist\u00f3rico polo que\u00a0dende a Asociaci\u00f3n Veci\u00f1al queremos\u00a0colaborar coa creaci\u00f3n dese relato hist\u00f3rico.<\/p>\n<p><span style=\"font-weight: 400;\">Pantasmas de Oza \u00e9 un proxecto de cultura de base da\u00a0<a href=\"http:\/\/www.redeoza.org\/\" target=\"_blank\" rel=\"noopener noreferrer\">Asociaci\u00f3n Veci\u00f1al Oza, Gaiteira, Os Castros<\/a>\u00a0que tivo o seu xerme nun\u00a0mapa interactivo creado no <a href=\"http:\/\/www.laopinioncoruna.es\/coruna\/2016\/06\/08\/o-relato-interactivo-dun-barrio\/1077327.html\" target=\"_blank\" rel=\"noopener noreferrer\">IES Monte das Moas<\/a>\u00a0e m\u00e1is nunha idea desenvolta no\u00a0Popathon de <a href=\"http:\/\/corunadixital.gal\/popathon-a-coruna-prototipando-o-futuro-das-narrativas-dixitais\/\" target=\"_blank\" rel=\"noopener noreferrer\">Coru\u00f1a Dixital<\/a>. A s\u00faa realizaci\u00f3n foi posible grazas \u00e1 colaboraci\u00f3n de decenas de veci\u00f1os e o apoio, primeiro, da\u00a0<a href=\"https:\/\/www.coruna.es\/participacion\/es?argIdioma=es\" target=\"_blank\" rel=\"noopener noreferrer\">Conceller\u00eda de Participaci\u00f3n<\/a>\u00a0para organizar un obradoiro de memoria, e despois, da Conceller\u00eda de <a href=\"http:\/\/www.coruna.gal\/cultura\/es\" target=\"_blank\" rel=\"noopener noreferrer\">Cultura da Coru\u00f1a<\/a> e o IMCE, que o incluiron\u00a0dentro do programa <a href=\"http:\/\/www.coruna.gal\/cultura\/es\/agenda\/historico\/detalle-asset\/cultura-de-barrio\/suceso\/1453612110172?argIdioma=es\" target=\"_blank\" rel=\"noopener noreferrer\">Cultura de Barrio<\/a>.<\/span><\/p>\n","protected":false},"excerpt":{"rendered":"<p>A parroquia de Santa Mar\u00eda de Oza \u2014orixe do barrio dos Castros e Gaiteira\u2014 era\u00a0un espazo eminentemente agrario e pesqueiro\u00a0ata a s\u00faa integraci\u00f3n no municipio da Coru\u00f1a. Esta lonxan\u00eda dos centros de decisi\u00f3n&hellip;<\/p>\n","protected":false},"author":4,"featured_media":0,"parent":0,"menu_order":0,"comment_status":"closed","ping_status":"closed","template":"","meta":{"footnotes":""},"class_list":["post-75","page","type-page","status-publish","hentry"],"_links":{"self":[{"href":"http:\/\/www.redeoza.org\/pantasmasdeoza\/wp-json\/wp\/v2\/pages\/75"}],"collection":[{"href":"http:\/\/www.redeoza.org\/pantasmasdeoza\/wp-json\/wp\/v2\/pages"}],"about":[{"href":"http:\/\/www.redeoza.org\/pantasmasdeoza\/wp-json\/wp\/v2\/types\/page"}],"author":[{"embeddable":true,"href":"http:\/\/www.redeoza.org\/pantasmasdeoza\/wp-json\/wp\/v2\/users\/4"}],"replies":[{"embeddable":true,"href":"http:\/\/www.redeoza.org\/pantasmasdeoza\/wp-json\/wp\/v2\/comments?post=75"}],"version-history":[{"count":20,"href":"http:\/\/www.redeoza.org\/pantasmasdeoza\/wp-json\/wp\/v2\/pages\/75\/revisions"}],"predecessor-version":[{"id":586,"href":"http:\/\/www.redeoza.org\/pantasmasdeoza\/wp-json\/wp\/v2\/pages\/75\/revisions\/586"}],"wp:attachment":[{"href":"http:\/\/www.redeoza.org\/pantasmasdeoza\/wp-json\/wp\/v2\/media?parent=75"}],"curies":[{"name":"wp","href":"https:\/\/api.w.org\/{rel}","templated":true}]}}