{"id":58,"date":"2017-01-24T18:07:38","date_gmt":"2017-01-24T17:07:38","guid":{"rendered":"https:\/\/pantasmasdeoza.wordpress.com\/?page_id=58"},"modified":"2017-01-24T18:07:38","modified_gmt":"2017-01-24T17:07:38","slug":"casteloeiris","status":"publish","type":"page","link":"http:\/\/www.redeoza.org\/pantasmasdeoza\/casteloeiris\/","title":{"rendered":"Castelo de Eir\u00eds"},"content":{"rendered":"<h4><span style=\"font-weight:400;\">Deslinde da <\/span><a href=\"http:\/\/galego.lavozdegalicia.es\/noticia\/coruna\/2012\/01\/22\/arranca-centenario-anexion-pleno-debate-sobre-fusiones\/0003_201201H22C29910.htm\"><span style=\"font-weight:400;\">Palloza<\/span><\/a><span style=\"font-weight:400;\"> cara Coru\u00f1a en 1890 \u00e9 o inicio da anexi\u00f3n de Oza. Sendo alcalde da Coru\u00f1a Jos\u00e9 Marchesi que aproveita que o Concello de Oza est\u00e1 en quiebra e suspendido para anexionar os terreos da Palloza.<\/span><\/h4>\n<p><!--more--><\/p>\n<p><span style=\"font-weight:400;\">os plans de expansi\u00f3n da Coru\u00f1a dende \u00a0finais do ss XIX convirten a zona de Catro cami\u00f1os, por aquel ent\u00f3n parte do Concello de Oza, nun subcentro de negocios da burgues\u00eda urbana coru\u00f1esa. En 1906 o Concello encarga a Pan de Soraluce e \u00f3 arquitecto municipal Pedro Mari\u00f1o un plan de intervenci\u00f3n na zona. O seu proxecto, presnetado en 1910 incl\u00fae unha expansi\u00f3n en bloques cara Gaiteira,Monelos e o Porto con dous grandes parques. So se respeta o espazo libre da Palloza. Dese plan son alg\u00fans edificios da zona como os cine Catro Cami\u00f1os hoxe desaparecido, onde est\u00e1 agora o BBVA de Ram\u00f3n y Cajal e os edificios da Avenida fern\u00e1ndez Latorre. <\/span><\/p>\n","protected":false},"excerpt":{"rendered":"<p>Deslinde da Palloza cara Coru\u00f1a en 1890 \u00e9 o inicio da anexi\u00f3n de Oza. Sendo alcalde da Coru\u00f1a Jos\u00e9 Marchesi que aproveita que o Concello de Oza est\u00e1 en quiebra e suspendido para&hellip;<\/p>\n","protected":false},"author":4,"featured_media":65,"parent":0,"menu_order":0,"comment_status":"closed","ping_status":"closed","template":"","meta":{"footnotes":""},"class_list":["post-58","page","type-page","status-publish","has-post-thumbnail","hentry"],"_links":{"self":[{"href":"http:\/\/www.redeoza.org\/pantasmasdeoza\/wp-json\/wp\/v2\/pages\/58"}],"collection":[{"href":"http:\/\/www.redeoza.org\/pantasmasdeoza\/wp-json\/wp\/v2\/pages"}],"about":[{"href":"http:\/\/www.redeoza.org\/pantasmasdeoza\/wp-json\/wp\/v2\/types\/page"}],"author":[{"embeddable":true,"href":"http:\/\/www.redeoza.org\/pantasmasdeoza\/wp-json\/wp\/v2\/users\/4"}],"replies":[{"embeddable":true,"href":"http:\/\/www.redeoza.org\/pantasmasdeoza\/wp-json\/wp\/v2\/comments?post=58"}],"version-history":[{"count":0,"href":"http:\/\/www.redeoza.org\/pantasmasdeoza\/wp-json\/wp\/v2\/pages\/58\/revisions"}],"wp:featuredmedia":[{"embeddable":true,"href":"http:\/\/www.redeoza.org\/pantasmasdeoza\/wp-json\/"}],"wp:attachment":[{"href":"http:\/\/www.redeoza.org\/pantasmasdeoza\/wp-json\/wp\/v2\/media?parent=58"}],"curies":[{"name":"wp","href":"https:\/\/api.w.org\/{rel}","templated":true}]}}