{"id":571,"date":"2017-10-10T09:21:06","date_gmt":"2017-10-10T09:21:06","guid":{"rendered":"http:\/\/www.redeoza.org\/pantasmasdeoza\/?page_id=571"},"modified":"2017-11-04T16:54:11","modified_gmt":"2017-11-04T16:54:11","slug":"roteiro-didactico","status":"publish","type":"page","link":"http:\/\/www.redeoza.org\/pantasmasdeoza\/roteiro-didactico\/","title":{"rendered":"ROTEIRO DID\u00c1CTICO"},"content":{"rendered":"<div id=\"attachment_575\" style=\"width: 1602px\" class=\"wp-caption alignleft\"><img loading=\"lazy\" decoding=\"async\" aria-describedby=\"caption-attachment-575\" class=\"wp-image-575 size-full\" src=\"http:\/\/www.redeoza.org\/pantasmasdeoza\/wp-content\/uploads\/2017\/10\/Roteiro-didactico-pantasmas-de-oza_03-e1507626756621.jpg\" alt=\"\" width=\"1592\" height=\"856\" srcset=\"http:\/\/www.redeoza.org\/pantasmasdeoza\/wp-content\/uploads\/2017\/10\/Roteiro-didactico-pantasmas-de-oza_03-e1507626756621.jpg 1592w, http:\/\/www.redeoza.org\/pantasmasdeoza\/wp-content\/uploads\/2017\/10\/Roteiro-didactico-pantasmas-de-oza_03-e1507626756621-300x161.jpg 300w, http:\/\/www.redeoza.org\/pantasmasdeoza\/wp-content\/uploads\/2017\/10\/Roteiro-didactico-pantasmas-de-oza_03-e1507626756621-768x413.jpg 768w, http:\/\/www.redeoza.org\/pantasmasdeoza\/wp-content\/uploads\/2017\/10\/Roteiro-didactico-pantasmas-de-oza_03-e1507626756621-1024x551.jpg 1024w\" sizes=\"(max-width: 1592px) 100vw, 1592px\" \/><p id=\"caption-attachment-575\" class=\"wp-caption-text\">O alumnado do CEIP Concepci\u00f3n Arenal da Coru\u00f1a estreou\u00a0o roteiro<\/p><\/div>\n<p>Para co\u00f1ecer o antigo Concello de Oza\u00a0creamos este roteiro did\u00e1ctico e l\u00fadico guiado por veci\u00f1os e destinado\u00a0a estudantes de Primaria e primeiro ciclo da ESO. Parte do antigo Concello de Oza e remata na Praza da Gaiteira ofrecendo \u00e1 rapazada unha viaxe experiencial polo pasado.<\/p>\n<p>Os materiais do roteiro poden descargarse aqu\u00ed:<\/p>\n<ul>\n<li><strong>ALUMNADO<\/strong>: <a href=\"https:\/\/drive.google.com\/open?id=0B9mMMwzRJTbARXNGdU84UldUQ2M\" target=\"_blank\" rel=\"noopener noreferrer\">Mapa e preguntas<\/a>\u00a0para completar con pegatinas<\/li>\n<li><strong>GU\u00cdA<\/strong>: <a href=\"https:\/\/docs.google.com\/document\/d\/17MVNKio0MhpRU_GzXDINlhVLzD1UIrJ5W9f1GV9elDk\/edit?usp=sharing\" target=\"_blank\" rel=\"noopener noreferrer\">Gui\u00f3n<\/a> co relato, <a href=\"https:\/\/drive.google.com\/open?id=0B9mMMwzRJTbAaDEzSHgyeVRkNzQ\" target=\"_blank\" rel=\"noopener noreferrer\">gu\u00eda<\/a> para amosar, <a href=\"https:\/\/drive.google.com\/open?id=0B9mMMwzRJTbATkFkRUtteW5KUTg\" target=\"_blank\" rel=\"noopener noreferrer\">pegatinas<\/a> para entregar \u00f3s rapaces<\/li>\n<\/ul>\n<div id=\"attachment_573\" style=\"width: 671px\" class=\"wp-caption alignnone\"><img loading=\"lazy\" decoding=\"async\" aria-describedby=\"caption-attachment-573\" class=\"wp-image-573 size-full\" src=\"http:\/\/www.redeoza.org\/pantasmasdeoza\/wp-content\/uploads\/2017\/10\/Roteiro-didactico-pantasmas-de-oza_01.jpg\" alt=\"\" width=\"661\" height=\"932\" srcset=\"http:\/\/www.redeoza.org\/pantasmasdeoza\/wp-content\/uploads\/2017\/10\/Roteiro-didactico-pantasmas-de-oza_01.jpg 661w, http:\/\/www.redeoza.org\/pantasmasdeoza\/wp-content\/uploads\/2017\/10\/Roteiro-didactico-pantasmas-de-oza_01-213x300.jpg 213w\" sizes=\"(max-width: 661px) 100vw, 661px\" \/><p id=\"caption-attachment-573\" class=\"wp-caption-text\">Mapa co roteiro did\u00e1ctico das Pantasmas de Oza<\/p><\/div>\n","protected":false},"excerpt":{"rendered":"<p>Para co\u00f1ecer o antigo Concello de Oza\u00a0creamos este roteiro did\u00e1ctico e l\u00fadico guiado por veci\u00f1os e destinado\u00a0a estudantes de Primaria e primeiro ciclo da ESO. Parte do antigo Concello de Oza e remata&hellip;<\/p>\n","protected":false},"author":2,"featured_media":0,"parent":0,"menu_order":0,"comment_status":"closed","ping_status":"closed","template":"","meta":{"footnotes":""},"class_list":["post-571","page","type-page","status-publish","hentry"],"_links":{"self":[{"href":"http:\/\/www.redeoza.org\/pantasmasdeoza\/wp-json\/wp\/v2\/pages\/571"}],"collection":[{"href":"http:\/\/www.redeoza.org\/pantasmasdeoza\/wp-json\/wp\/v2\/pages"}],"about":[{"href":"http:\/\/www.redeoza.org\/pantasmasdeoza\/wp-json\/wp\/v2\/types\/page"}],"author":[{"embeddable":true,"href":"http:\/\/www.redeoza.org\/pantasmasdeoza\/wp-json\/wp\/v2\/users\/2"}],"replies":[{"embeddable":true,"href":"http:\/\/www.redeoza.org\/pantasmasdeoza\/wp-json\/wp\/v2\/comments?post=571"}],"version-history":[{"count":5,"href":"http:\/\/www.redeoza.org\/pantasmasdeoza\/wp-json\/wp\/v2\/pages\/571\/revisions"}],"predecessor-version":[{"id":588,"href":"http:\/\/www.redeoza.org\/pantasmasdeoza\/wp-json\/wp\/v2\/pages\/571\/revisions\/588"}],"wp:attachment":[{"href":"http:\/\/www.redeoza.org\/pantasmasdeoza\/wp-json\/wp\/v2\/media?parent=571"}],"curies":[{"name":"wp","href":"https:\/\/api.w.org\/{rel}","templated":true}]}}