{"id":551,"date":"2017-06-15T15:46:57","date_gmt":"2017-06-15T15:46:57","guid":{"rendered":"http:\/\/www.redeoza.org\/pantasmasdeoza\/?page_id=551"},"modified":"2017-06-15T16:14:04","modified_gmt":"2017-06-15T16:14:04","slug":"vinilos-banda-sonora-vecinos","status":"publish","type":"page","link":"http:\/\/www.redeoza.org\/pantasmasdeoza\/vinilos-banda-sonora-vecinos\/","title":{"rendered":"\u00abNos vinilos est\u00e1 a banda sonora da vida dos veci\u00f1os\u00bb"},"content":{"rendered":"<div dir=\"auto\">\n<div id=\"attachment_552\" style=\"width: 1027px\" class=\"wp-caption alignnone\"><img loading=\"lazy\" decoding=\"async\" aria-describedby=\"caption-attachment-552\" class=\"wp-image-552 size-full\" src=\"http:\/\/www.redeoza.org\/pantasmasdeoza\/wp-content\/uploads\/2017\/06\/Jass-Processor.jpg\" alt=\"\" width=\"1017\" height=\"732\" srcset=\"http:\/\/www.redeoza.org\/pantasmasdeoza\/wp-content\/uploads\/2017\/06\/Jass-Processor.jpg 1017w, http:\/\/www.redeoza.org\/pantasmasdeoza\/wp-content\/uploads\/2017\/06\/Jass-Processor-300x216.jpg 300w, http:\/\/www.redeoza.org\/pantasmasdeoza\/wp-content\/uploads\/2017\/06\/Jass-Processor-768x553.jpg 768w\" sizes=\"(max-width: 1017px) 100vw, 1017px\" \/><p id=\"caption-attachment-552\" class=\"wp-caption-text\">Jas Processor pinchar\u00e1 vinilos dos 60 e 70 na festa en Oza. FOTO: Juan del R\u00edo<\/p><\/div>\n<\/div>\n<div dir=\"auto\"><\/div>\n<div dir=\"auto\"><a href=\"https:\/\/www.facebook.com\/jasprocessor\/about?lst=1255653465%3A1475002478%3A1497540639\"><strong>Jas Processor<\/strong><\/a> \u00e9 m\u00fasico, pinchadiscos, bailar\u00edn, artista multimedia e activista do vinilo. As\u00ed que cando lle propuxemos participar na\u00a0Festa da Memoria deste domingo 18 non o pensou, era o sitio no que estar coa s\u00faa colecci\u00f3n de discos. Promete grandes cl\u00e1sicos e facernos bailar, e por iso estamos impacientes por despedir\u00a0cunha merendi\u00f1a\u00a0memorable estas xornadas de convivencia e memoria.<\/div>\n<div><b>\u00a0<\/b><\/div>\n<div dir=\"auto\"><strong>&#8211; Por que te especializaches en vinilo?<\/strong><\/div>\n<div dir=\"auto\"><\/div>\n<div><b>\u00a0<\/b><\/div>\n<div dir=\"auto\">&#8211; Primeiro porque \u00e9 un soporte f\u00edsico duradeiro e a sua informaci\u00f3n\u00a0sonora p\u00f3dese escoitar sen a mediaci\u00f3n da electricidade. Como a fotograf\u00eda\u00a0en branco e negro ben revelada e conservada nunhas condici\u00f3ns \u00f3ptimas, o vinilo sup\u00f3n un referente simb\u00f3lico e sonoro perdurable no tempo. Pero a nivel mais paixoal\u00a0e de curiosidade arqueol\u00f3xica sup\u00f3n unha fonte inagotable da historia recente da m\u00fasica contempor\u00e1nea. E como non, ten unha parte creativa e recreativa que segundo o estilo de m\u00fasica require dunhas habilidades manuais e musicais ben interesantes.<\/div>\n<div><b>\u00a0<\/b><\/div>\n<div dir=\"auto\"><strong>&#8211; Que aporta a m\u00fasica a un proxecto de memoria hist\u00f3rica coma este?<\/strong><\/div>\n<div dir=\"auto\"><\/div>\n<div><b>\u00a0<\/b><\/div>\n<div dir=\"auto\">&#8211; Na mi\u00f1a opini\u00f3n a m\u00fasica (ou as <em>M\u00fasicas<\/em>) son unha parte esencial dos humanos, tanto a nivel persoal como colectivo. M\u00e1is todav\u00eda se falamos dende a proliferaci\u00f3n dos estilos, formatos e tendencias\u00a0que trouxo o s\u00e9culo XX, onde as xeraci\u00f3ns ve\u00f1en marcadas por unha banda sonora propia. O fascinante de atoparse cun proxecto coma este, de empoderamento da memoria localizada nun lugar con identidade com\u00fan, \u00e9 preguntarse que banda sonora acompa\u00f1ou \u00e1s vidas dos veci\u00f1os do barrio. E m\u00e1is ainda, se as veci\u00f1as e veci\u00f1os mesmos atesouran na memoria ou nalg\u00fan desv\u00e1n esas canci\u00f3ns ou melod\u00edas que marcaron as s\u00faas vidas.<\/div>\n<div dir=\"auto\"><\/div>\n<div dir=\"auto\"><\/div>\n<p><!--more--><\/p>\n<div dir=\"auto\"><\/div>\n<div dir=\"auto\"><strong>&#8211; Que nos agarda nesta sesi\u00f3n de m\u00fasica en Oza?<\/strong><\/div>\n<div dir=\"auto\"><\/div>\n<div><b>\u00a0<\/b><\/div>\n<div dir=\"auto\">-Teremos dous momentos ben definidos cunha sesi\u00f3n verm\u00fa e logo unha merendi\u00f1a. A idea de base, tendo en conta o espazo \u00f3 car\u00f3n do mar \u00e9 comezar con m\u00fasicas tropicais de al\u00e9n do Atl\u00e1ntico. M\u00fasicas que ve\u00f1en da relaci\u00f3n de Galicia con Am\u00e9rica\u00a0e dos estilos m\u00e1is populares nas verbenas.\u00a0 Simplemente unha excusa para po\u00f1er, a maiores, a disposici\u00f3n do p\u00fablico a oportunidade de escoller\u00a0dos discos expostos a canci\u00f3n ou grupo da s\u00faa memoria. Desta forma irei dispo\u00f1endo, como se fose unha gramola, dunha banda sonora construida entre as xeraci\u00f3ns que ali se presenten. Claro est\u00e1, facendo por incitar \u00f3s bailes e \u00e1 festividade.<\/div>\n<div dir=\"auto\"><\/div>\n<div dir=\"auto\">\n<div><b>\u00a0<\/b><\/div>\n<div dir=\"auto\"><strong>&#8211; Cal \u00e9 o teu disco favorito? Sonar\u00e1 ese d\u00eda?<\/strong><\/div>\n<div dir=\"auto\"><\/div>\n<div><b>\u00a0<\/b><\/div>\n<div dir=\"auto\">&#8211; Con tanta m\u00fasica coa que traballo ser\u00edame moi dif\u00edcil decantarme por un. O que s\u00ed te\u00f1o son preferencias, e sobre todo, retos, segundo\u00a0a sesi\u00f3n\u00a0que prepare. Para\u00a0esta ocasi\u00f3n sonar\u00e1 seguro \u00abEl Chinito\u00bb de <em>Los Sat\u00e9lites<\/em>.<\/div>\n<\/div>\n","protected":false},"excerpt":{"rendered":"<p>Jas Processor \u00e9 m\u00fasico, pinchadiscos, bailar\u00edn, artista multimedia e activista do vinilo. As\u00ed que cando lle propuxemos participar na\u00a0Festa da Memoria deste domingo 18 non o pensou, era o sitio no que estar&hellip;<\/p>\n","protected":false},"author":2,"featured_media":0,"parent":0,"menu_order":0,"comment_status":"closed","ping_status":"closed","template":"","meta":{"footnotes":""},"class_list":["post-551","page","type-page","status-publish","hentry"],"_links":{"self":[{"href":"http:\/\/www.redeoza.org\/pantasmasdeoza\/wp-json\/wp\/v2\/pages\/551"}],"collection":[{"href":"http:\/\/www.redeoza.org\/pantasmasdeoza\/wp-json\/wp\/v2\/pages"}],"about":[{"href":"http:\/\/www.redeoza.org\/pantasmasdeoza\/wp-json\/wp\/v2\/types\/page"}],"author":[{"embeddable":true,"href":"http:\/\/www.redeoza.org\/pantasmasdeoza\/wp-json\/wp\/v2\/users\/2"}],"replies":[{"embeddable":true,"href":"http:\/\/www.redeoza.org\/pantasmasdeoza\/wp-json\/wp\/v2\/comments?post=551"}],"version-history":[{"count":4,"href":"http:\/\/www.redeoza.org\/pantasmasdeoza\/wp-json\/wp\/v2\/pages\/551\/revisions"}],"predecessor-version":[{"id":558,"href":"http:\/\/www.redeoza.org\/pantasmasdeoza\/wp-json\/wp\/v2\/pages\/551\/revisions\/558"}],"wp:attachment":[{"href":"http:\/\/www.redeoza.org\/pantasmasdeoza\/wp-json\/wp\/v2\/media?parent=551"}],"curies":[{"name":"wp","href":"https:\/\/api.w.org\/{rel}","templated":true}]}}