{"id":547,"date":"2017-06-14T20:14:43","date_gmt":"2017-06-14T20:14:43","guid":{"rendered":"http:\/\/www.redeoza.org\/pantasmasdeoza\/?page_id=547"},"modified":"2018-05-29T17:31:12","modified_gmt":"2018-05-29T17:31:12","slug":"coloquios","status":"publish","type":"page","link":"http:\/\/www.redeoza.org\/pantasmasdeoza\/coloquios\/","title":{"rendered":"V\u00cdDEOS"},"content":{"rendered":"<h3 style=\"text-align: center;\">PANTASMAS DA GAITEIRA \u00abO L\u00cdMITE DA CIDADE\u00bb<\/h3>\n<p>Conversa con \u00c1ngeles Huerta<em> (cineasta),\u00a0<\/em>Rub\u00e9n Ventureira <em>(xornalista) <\/em>e Ana Romero<em> (historiadora) <\/em>dentro das Festas da Memoria. Realizada na R\u00faa Gaiteira o 3 de xu\u00f1o de 2017.<\/p>\n<p><iframe loading=\"lazy\" src=\"https:\/\/www.youtube.com\/embed\/rJj-uEowvUc?rel=0&amp;showinfo=0\" width=\"560\" height=\"310\" frameborder=\"0\" allowfullscreen=\"allowfullscreen\"><\/iframe><\/p>\n<p>&nbsp;<\/p>\n<h3 style=\"text-align: center;\">PANTASMAS DA CASTROS\u00a0\u00abO NOVO BARRIO\u00bb<\/h3>\n<p>Conversa con Mario Novoa<em>\u00a0(divulgador),\u00a0<\/em>Jos\u00e9 Manuel Guti\u00e9rrez\u00a0<em>(xornalista)<\/em>, Xos\u00e9 Castro<em>\u00a0(fotoxornalista) <\/em>e Xos\u00e9 Lois Mart\u00ednez\u00a0<em>(arquitecto)<\/em><em>\u00a0<\/em>dentro das Festas da Memoria. Realizada no Miradoiro dos Castros o10 de xu\u00f1o de 1017.<\/p>\n<p><iframe loading=\"lazy\" src=\"https:\/\/www.youtube.com\/embed\/EMuTjx5vt4Y?rel=0&amp;showinfo=0\" width=\"560\" height=\"310\" frameborder=\"0\" allowfullscreen=\"allowfullscreen\"><\/iframe><\/p>\n<p>&nbsp;<\/p>\n<h3 style=\"text-align: center;\">PANTASMAS DE OZA \u00abNOSTALXIA DA AREA\u00bb<\/h3>\n<p>Conversa con Xos\u00e9 Alfeir\u00e1n<em>\u00a0(historiador) e\u00a0<\/em>Xos\u00e9 Mar\u00eda Monterroso\u00a0<em>(escritor)<\/em><em>\u00a0<\/em>dentro das Festas da Memoria. Realizada no Lazareto de Oza\u00a0o18 de xu\u00f1o de 2017.<\/p>\n<p><iframe loading=\"lazy\" src=\"https:\/\/www.youtube.com\/embed\/DZVN0ZsC4DQ?rel=0&amp;showinfo=0\" width=\"560\" height=\"300\" frameborder=\"0\" allowfullscreen=\"allowfullscreen\"><\/iframe><\/p>\n<p>&nbsp;<\/p>\n<h3 style=\"text-align: center;\">VISITA \u00c1 CAPELA\u00a0DE OZA<\/h3>\n<p>Visita guiada polo historiador Xos\u00e9 Alfeir\u00e1n<em>\u00a0<\/em>\u00e1 capela de Santa Mar\u00eda de Oza con motivo da Festa da Memoria do 18 de xu\u00f1o de 2017.<\/p>\n<p><iframe loading=\"lazy\" src=\"https:\/\/www.youtube.com\/embed\/J6Hva1nUf_8?rel=0&amp;showinfo=0\" width=\"560\" height=\"300\" frameborder=\"0\" allowfullscreen=\"allowfullscreen\"><\/iframe><\/p>\n<p>&nbsp;<\/p>\n<h3 style=\"text-align: center;\">AS CIGARRERAS DA PALLOZA<\/h3>\n<p>Lola Rodr\u00edguez traballou 38 anos na F\u00e1brica de Tabacos da Coru\u00f1a. Esta charla foi organizada dende o CEIP Concepci\u00f3n Arenal da Coru\u00f1a coa colaboraci\u00f3n de Pantasmas de Oza dentro do proxecto \u00abO barrio en feminino\u00bb.<\/p>\n<p><iframe loading=\"lazy\" src=\"https:\/\/www.youtube.com\/embed\/rsDjYuF6ikg\" width=\"560\" height=\"315\" frameborder=\"0\" allowfullscreen=\"allowfullscreen\"><\/iframe><\/p>\n","protected":false},"excerpt":{"rendered":"<p>PANTASMAS DA GAITEIRA \u00abO L\u00cdMITE DA CIDADE\u00bb Conversa con \u00c1ngeles Huerta (cineasta),\u00a0Rub\u00e9n Ventureira (xornalista) e Ana Romero (historiadora) dentro das Festas da Memoria. Realizada na R\u00faa Gaiteira o 3 de xu\u00f1o de 2017.&hellip;<\/p>\n","protected":false},"author":2,"featured_media":0,"parent":0,"menu_order":0,"comment_status":"closed","ping_status":"closed","template":"","meta":{"footnotes":""},"class_list":["post-547","page","type-page","status-publish","hentry"],"_links":{"self":[{"href":"http:\/\/www.redeoza.org\/pantasmasdeoza\/wp-json\/wp\/v2\/pages\/547"}],"collection":[{"href":"http:\/\/www.redeoza.org\/pantasmasdeoza\/wp-json\/wp\/v2\/pages"}],"about":[{"href":"http:\/\/www.redeoza.org\/pantasmasdeoza\/wp-json\/wp\/v2\/types\/page"}],"author":[{"embeddable":true,"href":"http:\/\/www.redeoza.org\/pantasmasdeoza\/wp-json\/wp\/v2\/users\/2"}],"replies":[{"embeddable":true,"href":"http:\/\/www.redeoza.org\/pantasmasdeoza\/wp-json\/wp\/v2\/comments?post=547"}],"version-history":[{"count":12,"href":"http:\/\/www.redeoza.org\/pantasmasdeoza\/wp-json\/wp\/v2\/pages\/547\/revisions"}],"predecessor-version":[{"id":612,"href":"http:\/\/www.redeoza.org\/pantasmasdeoza\/wp-json\/wp\/v2\/pages\/547\/revisions\/612"}],"wp:attachment":[{"href":"http:\/\/www.redeoza.org\/pantasmasdeoza\/wp-json\/wp\/v2\/media?parent=547"}],"curies":[{"name":"wp","href":"https:\/\/api.w.org\/{rel}","templated":true}]}}