{"id":523,"date":"2017-06-08T16:34:18","date_gmt":"2017-06-08T16:34:18","guid":{"rendered":"http:\/\/www.redeoza.org\/pantasmasdeoza\/?page_id=523"},"modified":"2017-06-08T19:02:35","modified_gmt":"2017-06-08T19:02:35","slug":"silvia-penide","status":"publish","type":"page","link":"http:\/\/www.redeoza.org\/pantasmasdeoza\/silvia-penide\/","title":{"rendered":"\u00abA cultura de barrio \u00e9 fundamental, reforza a nosa identidade\u00bb"},"content":{"rendered":"<div dir=\"auto\">\n<div id=\"attachment_525\" style=\"width: 970px\" class=\"wp-caption aligncenter\"><img loading=\"lazy\" decoding=\"async\" aria-describedby=\"caption-attachment-525\" class=\"wp-image-525 size-full\" src=\"http:\/\/www.redeoza.org\/pantasmasdeoza\/wp-content\/uploads\/2017\/06\/silvia.jpg\" alt=\"\" width=\"960\" height=\"487\" srcset=\"http:\/\/www.redeoza.org\/pantasmasdeoza\/wp-content\/uploads\/2017\/06\/silvia.jpg 960w, http:\/\/www.redeoza.org\/pantasmasdeoza\/wp-content\/uploads\/2017\/06\/silvia-300x152.jpg 300w, http:\/\/www.redeoza.org\/pantasmasdeoza\/wp-content\/uploads\/2017\/06\/silvia-768x390.jpg 768w\" sizes=\"(max-width: 960px) 100vw, 960px\" \/><p id=\"caption-attachment-525\" class=\"wp-caption-text\">Penide ten seis discos e unha intensa xira por diante. FOTO: Bego\u00f1a Pastoriza<\/p><\/div>\n<\/div>\n<div><b>\u00a0<\/b><\/div>\n<div dir=\"auto\"><a href=\"http:\/\/www.silviapenide.com\/#ini\">Silvia Penide<\/a> escribe e canta dende dentro, tan dentro que \u00e9 f\u00e1cil\u00a0reco\u00f1ecer a melancol\u00eda e o mesmo tempo a forza atl\u00e1ntica nas s\u00faas melod\u00edas. Naceu\u00a0na Coru\u00f1a, no barrio de Meicende, e con 20 anos xa editou a s\u00faa primeira maqueta. Agora, con seis discos \u00e1s costas e\u00a0unha intensa axenda de concertos por diante, far\u00e1 unha parada para cantar na segunda festa da Memoria da Asociaci\u00f3n Veci\u00f1al Oza-Gaiteira-Os Castros.\u00a0Ser\u00e1 o <strong>s\u00e1bado 10 de xu\u00f1o as 20 horas<\/strong> no Mirador dos Castros.<\/div>\n<div dir=\"auto\"><\/div>\n<div><b>\u00a0<\/b><\/div>\n<div dir=\"auto\"><strong>&#8211; Cres que hai algunha relaci\u00f3n entre a m\u00fasica que fas e as t\u00faas ra\u00edces coru\u00f1esas?<\/strong><\/div>\n<div dir=\"auto\"><\/div>\n<div><b>\u00a0<\/b><\/div>\n<div dir=\"auto\">&#8211; S\u00ed, por suposto que o meu entorno, o d\u00eda a d\u00eda que vexo, deixa pegada nas mi\u00f1as letras e na mi\u00f1a forma de entender unha canci\u00f3n.<\/div>\n<div dir=\"auto\"><\/div>\n<div><b>\u00a0<\/b><\/div>\n<div dir=\"auto\"><strong>&#8211; Est\u00e1 a acci\u00f3n cultural moi centralizada nos centros das cidades? E no caso da Coru\u00f1a?<\/strong><\/div>\n<div dir=\"auto\"><\/div>\n<div><b>\u00a0<\/b><\/div>\n<div dir=\"auto\">&#8211; Penso que cada vez m\u00e1is a xente se decata do importante que \u00e9 a ra\u00edz. Penso que tanto na Coru\u00f1a, como no resto das cidades, hai cada vez mais conciencia do importante que \u00e9 coidar os espazos, as vivencias impl\u00edcitas en muros, en historias que contan comercios ou familias ligadas \u00e1s zonas durante anos.<\/div>\n<div dir=\"auto\"><\/div>\n<div dir=\"auto\"><\/div>\n<p><!--more--><\/p>\n<div dir=\"auto\"><\/div>\n<div dir=\"auto\"><strong>&#8211; Consideras importante a cultura pequena, a de barrio?<\/strong><\/div>\n<div dir=\"auto\"><\/div>\n<div><b>\u00a0<\/b><\/div>\n<div dir=\"auto\">&#8211; Penso que \u00e9 fundamental. Penso que nos da identidade, nos reforza como sociedade, nos fai ter mais unidade entre as persoas, se contan historias, se valora o coti\u00e1, se crean lazos entre a veci\u00f1anza e se xenera unha confianza que vai nacendo do diario. Unha confianza que creo que \u00e9 necesaria e positiva vivindo en sociedade.<\/div>\n<div dir=\"auto\"><\/div>\n<div dir=\"auto\">\n<div><b>\u00a0<\/b><\/div>\n<div dir=\"auto\"><strong>&#8211; As t\u00faas canci\u00f3ns son mensaxe pero sobre todo emoci\u00f3n, que aporta \u00e1 emoci\u00f3n a proxectos veci\u00f1ais como Pantasmas de Oza?<\/strong><\/div>\n<div dir=\"auto\"><\/div>\n<div><b>\u00a0<\/b><\/div>\n<div dir=\"auto\">&#8211; Penso que a emoci\u00f3n incide positivamente na educaci\u00f3n emocional, imprescindible o meu parecer para avanzar coma seres humanos.<\/div>\n<div dir=\"auto\"><\/div>\n<div><b>\u00a0<\/b><\/div>\n<div dir=\"auto\"><strong>&#8211; Tocar no mirador dos Castros \u00e9 literalmente ter \u00e1 Coru\u00f1a \u00f3s teus p\u00e9s, que agardas deste concerto?<\/strong><\/div>\n<div dir=\"auto\"><\/div>\n<div><b>\u00a0<\/b><\/div>\n<div dir=\"auto\">&#8211; Bailar coa cidade\u00a0e estar eu tam\u00e9n \u00f3s seus p\u00e9s. Tam\u00e9n o que sempre intento nos meus concertos, que a xente saia mellor do que entrou.<\/div>\n<\/div>\n<div dir=\"auto\"><\/div>\n","protected":false},"excerpt":{"rendered":"<p>\u00a0 Silvia Penide escribe e canta dende dentro, tan dentro que \u00e9 f\u00e1cil\u00a0reco\u00f1ecer a melancol\u00eda e o mesmo tempo a forza atl\u00e1ntica nas s\u00faas melod\u00edas. Naceu\u00a0na Coru\u00f1a, no barrio de Meicende, e con&hellip;<\/p>\n","protected":false},"author":2,"featured_media":0,"parent":0,"menu_order":0,"comment_status":"closed","ping_status":"closed","template":"","meta":{"footnotes":""},"class_list":["post-523","page","type-page","status-publish","hentry"],"_links":{"self":[{"href":"http:\/\/www.redeoza.org\/pantasmasdeoza\/wp-json\/wp\/v2\/pages\/523"}],"collection":[{"href":"http:\/\/www.redeoza.org\/pantasmasdeoza\/wp-json\/wp\/v2\/pages"}],"about":[{"href":"http:\/\/www.redeoza.org\/pantasmasdeoza\/wp-json\/wp\/v2\/types\/page"}],"author":[{"embeddable":true,"href":"http:\/\/www.redeoza.org\/pantasmasdeoza\/wp-json\/wp\/v2\/users\/2"}],"replies":[{"embeddable":true,"href":"http:\/\/www.redeoza.org\/pantasmasdeoza\/wp-json\/wp\/v2\/comments?post=523"}],"version-history":[{"count":11,"href":"http:\/\/www.redeoza.org\/pantasmasdeoza\/wp-json\/wp\/v2\/pages\/523\/revisions"}],"predecessor-version":[{"id":542,"href":"http:\/\/www.redeoza.org\/pantasmasdeoza\/wp-json\/wp\/v2\/pages\/523\/revisions\/542"}],"wp:attachment":[{"href":"http:\/\/www.redeoza.org\/pantasmasdeoza\/wp-json\/wp\/v2\/media?parent=523"}],"curies":[{"name":"wp","href":"https:\/\/api.w.org\/{rel}","templated":true}]}}