{"id":483,"date":"2017-06-02T10:35:56","date_gmt":"2017-06-02T10:35:56","guid":{"rendered":"http:\/\/www.redeoza.org\/pantasmasdeoza\/?page_id=483"},"modified":"2017-06-08T16:09:54","modified_gmt":"2017-06-08T16:09:54","slug":"fotos-falan-e-o-papel-dos-vecinos-e-clave-para-o-relato-historico","status":"publish","type":"page","link":"http:\/\/www.redeoza.org\/pantasmasdeoza\/fotos-falan-e-o-papel-dos-vecinos-e-clave-para-o-relato-historico\/","title":{"rendered":"\u00abAs fotos falan e o papel dos veci\u00f1os \u00e9 clave para o relato hist\u00f3rico\u00bb"},"content":{"rendered":"<div>\n<h1 style=\"text-align: center;\"><\/h1>\n<div id=\"attachment_236\" style=\"width: 970px\" class=\"wp-caption aligncenter\"><img loading=\"lazy\" decoding=\"async\" aria-describedby=\"caption-attachment-236\" class=\"wp-image-236 size-full\" src=\"http:\/\/www.redeoza.org\/pantasmasdeoza\/wp-content\/uploads\/2017\/02\/Corralon-Gaiteira_Pantasmas-de-Oza_02.jpg\" alt=\"\" width=\"960\" height=\"320\" srcset=\"http:\/\/www.redeoza.org\/pantasmasdeoza\/wp-content\/uploads\/2017\/02\/Corralon-Gaiteira_Pantasmas-de-Oza_02.jpg 960w, http:\/\/www.redeoza.org\/pantasmasdeoza\/wp-content\/uploads\/2017\/02\/Corralon-Gaiteira_Pantasmas-de-Oza_02-300x100.jpg 300w, http:\/\/www.redeoza.org\/pantasmasdeoza\/wp-content\/uploads\/2017\/02\/Corralon-Gaiteira_Pantasmas-de-Oza_02-768x256.jpg 768w\" sizes=\"(max-width: 960px) 100vw, 960px\" \/><p id=\"caption-attachment-236\" class=\"wp-caption-text\">Ventureira aportar\u00e1 datos in\u00e9ditos da historia do Corral\u00f3n da Gaiteira. AHM<\/p><\/div>\n<div><b>\u00a0<\/b><\/div>\n<\/div>\n<div><\/div>\n<div><a href=\"http:\/\/www.laopinioncoruna.es\/coruna\/2016\/08\/05\/calendario-historia\/1094994.html\">Rub\u00e9n Ventureira<\/a> \u00e9 xornalista, comisario de exposici\u00f3ns e autor dos calendarios hist\u00f3ricos do Deportivo e da Coru\u00f1a. Este s\u00e1bado 3 de xu\u00f1o acompa\u00f1aranos nun\u00a0coloquio na Festa da Memoria\u00a0que celebramos na Gaiteira. \u00a0Ser\u00e1 unha oportunidade \u00fanica de descubrir datos\u00a0in\u00e9ditos sobre o Corral\u00f3n da Gaiteira onde se estreou o f\u00fatbol coru\u00f1\u00e9s a principios do s\u00e9culo XX.<\/div>\n<div><b>\u00a0<\/b><\/div>\n<div><b>&#8211; Cal \u00e9 a t\u00faa relaci\u00f3n co barrio da Gaiteira e os Castros?<\/b><\/div>\n<div>Os Castros \u00e9 o meu barrio natal. Por parte de nai, ve\u00f1o dunha familia que, procedente de Vilalba, asentouse no barrio a finais do s\u00e9culo XIX ou principios do XX. Eramos co\u00f1ecidos como &#8220;Os Zoqueiros&#8221;. Os meus bisav\u00f3s viv\u00edan nos ranchitos, unhas casi\u00f1as que hab\u00eda ao principio de Vales Villamar\u00edn.<\/div>\n<div><\/div>\n<p><!--more--><\/p>\n<div>Os Castros \u00e9 o barrio no que crec\u00edn, no que viv\u00edn ata que me fun a estudar a Madrid, ao que despois retornei antes de &#8220;mudarme&#8221; a Monte Alto, primeiro, e Panadeiras, despois. Tam\u00e9n \u00e9\u00a0o barrio do meu colexio, do meu primeiro e \u00fanico equipo de f\u00fatbol (o Atl\u00e9tico Castros) e, sobre todo, \u00e9 o barrio da mi\u00f1a ampl\u00edsima familia por parte de nai, os Novo Cabanas.<\/div>\n<div><b>\u00a0<\/b><\/div>\n<div><b>&#8211; Cres que hai parte da historia da cidade, sobre todo a do extrarradio, que a\u00ednda est\u00e1 por contar?<\/b><\/div>\n<div>Queda moito por contar da historia da Coru\u00f1a. E do antigo Concello de Oza, moit\u00edsimo m\u00e1is, especialmente do per\u00edodo anterior \u00e1 anexi\u00f3n. O problema \u00e9 que hai moi pouca xente investigando \u2014basta ir ao Arquivo Municipal unha ma\u00f1\u00e1 para comprobalo\u2014 e menos a\u00ednda publicando. Iniciativas como \u00abPantasmas de Oza\u00bb abren por iso un cami\u00f1o moi interesante.<\/div>\n<div><b>\u00a0<\/b><\/div>\n<div><b>&#8211; Consideras importante o relato da veci\u00f1anza \u00e1 hora de construir esa historia?<\/b><\/div>\n<div>O relato da veci\u00f1anza \u00e9 fundamental. As fontes orais te\u00f1en que ser unha das bases sobre as que se levanta esa historia, pero sempre complementadas coa investigaci\u00f3n en arquivos \u2014oficiais e non oficias\u2014 e a procura hemerogr\u00e1fica. O relato oral est\u00e1 m\u00e1is suxeito \u00e1s deformidades que pode provocar o recordo, non as\u00ed as fontes contempor\u00e1neas.<\/div>\n<div><b>\u00a0<\/b><\/div>\n<div>O que non est\u00e1 suxeito a distorsiones son as fotos. As fotos falan. E, na achega de fotos, o papel dos veci\u00f1os si resulta do todo crucial. A Coru\u00f1a \u00e9 unha cidade que contou sempre con grandes fot\u00f3grafos, pero, loxicamente, os seus focos sempre estiveron m\u00e1is dirixidos ao centro que aos barrios. Po\u00f1o un exemplo: nos arquivos podemos atopar centenares de postais do Obelisco, podemos documentar a evoluci\u00f3n daquela zona case ano a ano, pero se un tenta atopar fotos antigas do Mirador dos Castros, a\u00ednda sendo moito m\u00e1is recente, nos arquivos oficiais apenas atopar\u00e1 rastro. E, por iso, \u00e9 aqu\u00ed onde a achega veci\u00f1al \u00e9 practicamente a \u00fanica maneira de poder reconstru\u00edr a historia.<\/div>\n<div><b>\u00a0<\/b><\/div>\n<div><b>&#8211; Que temas tratar\u00e1s o s\u00e1bado no coloquio?<\/b><\/div>\n<div>Falarei fundamentalmente do Corral\u00f3n da Gaiteira. Dun enclave que foi primeiro lazareto e despois converteuse, a principios dos anos XX, no principal epicentro da vida deportiva local. Neste corral\u00f3n sit\u00faanse as orixes do f\u00fatbol coru\u00f1\u00e9s e do Deportivo, cuxo primeiro capit\u00e1n foi precisamente un veci\u00f1o de Oza, Juan Long.<\/div>\n<div><\/div>\n<div>Rub\u00e9n Ventureira estar\u00e1 acompa\u00f1ado no coloquio por\u00a0<a href=\"http:\/\/esquecemonelos.com\/es\/\">\u00c1ngeles Huerta<\/a>, directora\u00a0\u00a0do documental <em>Esquece Monelos<\/em> e <a href=\"http:\/\/www.laopinioncoruna.es\/coruna\/2017\/05\/04\/nueva-integrante-instituto-cornide\/1177555.html\">Ana Romero<\/a>, historiadora, directora do IES Monte das Moas e membro do Instituto Jos\u00e9\u00a0Cornide.<\/div>\n","protected":false},"excerpt":{"rendered":"<p>\u00a0 Rub\u00e9n Ventureira \u00e9 xornalista, comisario de exposici\u00f3ns e autor dos calendarios hist\u00f3ricos do Deportivo e da Coru\u00f1a. Este s\u00e1bado 3 de xu\u00f1o acompa\u00f1aranos nun\u00a0coloquio na Festa da Memoria\u00a0que celebramos na Gaiteira. \u00a0Ser\u00e1&hellip;<\/p>\n","protected":false},"author":2,"featured_media":0,"parent":0,"menu_order":0,"comment_status":"closed","ping_status":"closed","template":"","meta":{"footnotes":""},"class_list":["post-483","page","type-page","status-publish","hentry"],"_links":{"self":[{"href":"http:\/\/www.redeoza.org\/pantasmasdeoza\/wp-json\/wp\/v2\/pages\/483"}],"collection":[{"href":"http:\/\/www.redeoza.org\/pantasmasdeoza\/wp-json\/wp\/v2\/pages"}],"about":[{"href":"http:\/\/www.redeoza.org\/pantasmasdeoza\/wp-json\/wp\/v2\/types\/page"}],"author":[{"embeddable":true,"href":"http:\/\/www.redeoza.org\/pantasmasdeoza\/wp-json\/wp\/v2\/users\/2"}],"replies":[{"embeddable":true,"href":"http:\/\/www.redeoza.org\/pantasmasdeoza\/wp-json\/wp\/v2\/comments?post=483"}],"version-history":[{"count":33,"href":"http:\/\/www.redeoza.org\/pantasmasdeoza\/wp-json\/wp\/v2\/pages\/483\/revisions"}],"predecessor-version":[{"id":513,"href":"http:\/\/www.redeoza.org\/pantasmasdeoza\/wp-json\/wp\/v2\/pages\/483\/revisions\/513"}],"wp:attachment":[{"href":"http:\/\/www.redeoza.org\/pantasmasdeoza\/wp-json\/wp\/v2\/media?parent=483"}],"curies":[{"name":"wp","href":"https:\/\/api.w.org\/{rel}","templated":true}]}}