{"id":456,"date":"2017-05-22T11:10:41","date_gmt":"2017-05-22T11:10:41","guid":{"rendered":"http:\/\/www.redeoza.org\/pantasmasdeoza\/?page_id=456"},"modified":"2017-11-04T16:48:56","modified_gmt":"2017-11-04T16:48:56","slug":"festasdamemoria","status":"publish","type":"page","link":"http:\/\/www.redeoza.org\/pantasmasdeoza\/festasdamemoria\/","title":{"rendered":"FESTAS DA MEMORIA"},"content":{"rendered":"<p>Para involucrar \u00f3s veci\u00f1os na construcci\u00f3n deste\u00a0relato colectivo sobre o pasado do barrio celebraremos tres FESTAS DA MEMORIA para recopilar testimonios e fotograf\u00edas. Invitaremos \u00f3s veci\u00f1so a que acheguen imaxes antigas que iremos subindo \u00e1 web de forma inmediata e incorpor\u00e1ndoas a un arquivo da Asociaci\u00f3n.<\/p>\n<p>Para estes eventos, que se celebrar\u00e1n os d\u00edas 3, 10 e 18 de xu\u00f1o, escollemos os lugares m\u00e1is representativos do pasado do barrio: a R\u00faa Gaiteira, coa pantasma do r\u00edo Monelos; o Mirador dos Castros, co castelo de San Diego; e a zona do Faro de Oza, onde estaba a praia do Lazareto. Eses d\u00edas celebraremos\u00a0charlas con especialistas\u00a0do barrio e haber\u00e1 un compo\u00f1ente musical.<\/p>\n<p style=\"text-align: center;\"><strong>PROGRAMACI\u00d3N EVENTOS PANTASMAS DE OZA<\/strong><\/p>\n<p><strong>03 XU\u00d1O. PANTASMAS DA GAITEIRA. O L\u00cdMITE DA CIDADE<\/strong><br \/>\n11.00 Apertura<br \/>\n12.00 Conversa con \u00c1ngeles Huerta<em> (cineasta),\u00a0<\/em>Rub\u00e9n Ventureira <em>(xornalista) <\/em>e Ana Romero<em> (historiadora)<\/em><br \/>\n19.00 Proxecci\u00f3n do documental <a href=\"https:\/\/www.youtube.com\/watch?v=7WS-scnUI1o\" target=\"_blank\" rel=\"noopener noreferrer\">\u00abMemoria de Oza\u00bb<\/a><br \/>\n20.00 Concerto de Xebre<br \/>\n21.00 Peche<br \/>\nLugar: Gaiteira, 37<\/p>\n<p><strong>10 XU\u00d1O. PANTASMAS DOS CASTROS. O NOVO BARRIO<\/strong><br \/>\n11.00 Apertura<br \/>\n12.00 Conversa con Xos\u00e9 Castro <em>(fotoxornalista)<\/em>, Xos\u00e9 Luis Mart\u00ednez <em>(urbanista), <\/em>Jos\u00e9 Manuel Gutierr\u00e9z <em>(xornalista), <\/em>Mario Novoa\u00a0<em>(divulgador)<\/em><br \/>\n19.00 Proxecci\u00f3n do documental \u00abMemoria de Oza\u00bb<br \/>\n20.00 Concerto de <a href=\"http:\/\/www.silviapenide.com\/\" target=\"_blank\" rel=\"noopener noreferrer\">Silvia Penide<\/a><br \/>\nLugar: \u00a0Mirador dos Castros<\/p>\n<p><strong>18 XU\u00d1O. PANTASMAS DE OZA. NOSTALXIA DA AREA<\/strong><br \/>\n11-17 Horas aberto<br \/>\n12.00 Conversa con Xos\u00e9 Alfeir\u00e1n <em>(historiador),<\/em> Jos\u00e9 M\u00aa\u00a0Monterroso <em>(escritor)<\/em> e Xurxo Souto <em>(escritor e m\u00fasico)<\/em><br \/>\n13.00 Sesi\u00f3n m\u00fasica de vinilos con <a href=\"https:\/\/www.facebook.com\/jasprocessor?ref=br_rs\" target=\"_blank\" rel=\"noopener noreferrer\">Jass Processor<\/a>. Verm\u00fa<br \/>\n14.00 Xantar popular.<br \/>\n17.00 Proxecci\u00f3n do documental \u00abMemoria de Oza\u00bb<br \/>\n18.00-20.00 Sesi\u00f3n m\u00fasica de vinilos con Jass Processor.<br \/>\nLugar: \u00a0Campus de Oza<\/p>\n<p style=\"text-align: center;\"><strong>ACTIVIDADES PARALELAS<\/strong><\/p>\n<p><strong>27 maio BIBLIOTECA DO FORUM METROPOLITANO. PRESENTACI\u00d3N WEB<\/strong><br \/>\n12.30-13.30 Presentaci\u00f3n aberta \u00f3 p\u00fablico do proxecto para animar \u00e1 participaci\u00f3n<\/p>\n<p><strong>31 de maio PARQUE DE OZA (sa\u00edda). ROTEIRO CON ESCOLARES<\/strong><br \/>\n10.00-13.00 Experiencia piloto do roteiro con escolares<\/p>\n<p><strong>05 xu\u00f1o. F\u00d3RUM METROPOLITANO. PEL\u00cdCULA HIST\u00d3RICA SOBRE OZA<\/strong><br \/>\n19.30-20.30 Proxecci\u00f3n das <a href=\"http:\/\/www.lavozdegalicia.es\/noticia\/coruna\/coruna\/2016\/03\/12\/cgai-restaura-tres-peliculas-grabadas-coruna-1930-foto-blanco\/0003_201603H12C6991.htm\" target=\"_blank\" rel=\"noopener noreferrer\">pel\u00edculas de Foto Blanco<\/a> de 1930 restauradas polo CGAI: O Sanatorio de Oza, A Chegada do hidroavi\u00f3n Dornier, A praia de Riazor<\/p>\n","protected":false},"excerpt":{"rendered":"<p>Para involucrar \u00f3s veci\u00f1os na construcci\u00f3n deste\u00a0relato colectivo sobre o pasado do barrio celebraremos tres FESTAS DA MEMORIA para recopilar testimonios e fotograf\u00edas. Invitaremos \u00f3s veci\u00f1so a que acheguen imaxes antigas que iremos&hellip;<\/p>\n","protected":false},"author":2,"featured_media":0,"parent":0,"menu_order":0,"comment_status":"closed","ping_status":"closed","template":"","meta":{"footnotes":""},"class_list":["post-456","page","type-page","status-publish","hentry"],"_links":{"self":[{"href":"http:\/\/www.redeoza.org\/pantasmasdeoza\/wp-json\/wp\/v2\/pages\/456"}],"collection":[{"href":"http:\/\/www.redeoza.org\/pantasmasdeoza\/wp-json\/wp\/v2\/pages"}],"about":[{"href":"http:\/\/www.redeoza.org\/pantasmasdeoza\/wp-json\/wp\/v2\/types\/page"}],"author":[{"embeddable":true,"href":"http:\/\/www.redeoza.org\/pantasmasdeoza\/wp-json\/wp\/v2\/users\/2"}],"replies":[{"embeddable":true,"href":"http:\/\/www.redeoza.org\/pantasmasdeoza\/wp-json\/wp\/v2\/comments?post=456"}],"version-history":[{"count":10,"href":"http:\/\/www.redeoza.org\/pantasmasdeoza\/wp-json\/wp\/v2\/pages\/456\/revisions"}],"predecessor-version":[{"id":585,"href":"http:\/\/www.redeoza.org\/pantasmasdeoza\/wp-json\/wp\/v2\/pages\/456\/revisions\/585"}],"wp:attachment":[{"href":"http:\/\/www.redeoza.org\/pantasmasdeoza\/wp-json\/wp\/v2\/media?parent=456"}],"curies":[{"name":"wp","href":"https:\/\/api.w.org\/{rel}","templated":true}]}}