{"id":10,"date":"2017-01-24T16:25:02","date_gmt":"2017-01-24T15:25:02","guid":{"rendered":"https:\/\/pantasmasdeoza.wordpress.com\/?page_id=2"},"modified":"2017-11-04T16:51:15","modified_gmt":"2017-11-04T16:51:15","slug":"about","status":"publish","type":"page","link":"http:\/\/www.redeoza.org\/pantasmasdeoza\/about\/","title":{"rendered":"ROTEIRO"},"content":{"rendered":"<p><span style=\"color: #808080;\">No seguinte mapa propo\u00f1emos un <strong>PERCORRIDO POLA ANTIGA PARROQUIA DE OZA.\u00a0<\/strong>Seguindo estes puntos e coa informaci\u00f3n incluida no propio mapa e nesta web, p\u00f3dese experimentar\u00a0e comprender a transformaci\u00f3n do barrio.<\/span><span style=\"color: #808080;\"> Tam\u00e9n dispo\u00f1emos dos materiais necesarios para facer un\u00a0<a href=\"http:\/\/www.redeoza.org\/pantasmasdeoza\/roteiro-didactico\/\"><strong>ROTEIRO DID\u00c1CTICO<\/strong><\/a> coa rapazada, con actividades l\u00fadicas en cada parada,<\/span><\/p>\n<p><span style=\"color: #808080;\">Desplegando o men\u00fa da parte superior p\u00f3dense <strong>ACTIVAR\u00a0OS\u00a0ROTEIROS<\/strong>.<b> <\/b>Propo\u00f1emos d\u00faas alternativas, unha longa de seis\u00a0quil\u00f3metros que parte de Eir\u00eds e remata nas Xubias, e outra m\u00e1is curta que vai<\/span><span style=\"color: #808080;\">\u00a0dende a \u00faltima sede do Concello de Oza\u00a0ata a a Praia do Lazareto. \u00a0\u00a0<\/span><\/p>\n<p><iframe loading=\"lazy\" src=\"https:\/\/www.google.com\/maps\/d\/embed?mid=1G0d5QtgHBrNtGYIIgP-ZjvFrZtQ&amp;hl=gl\" width=\"640\" height=\"480\"><\/iframe><\/p>\n","protected":false},"excerpt":{"rendered":"<p>This is just a short excerpt for the about&nbsp;page.&hellip;<\/p>\n","protected":false},"author":4,"featured_media":0,"parent":0,"menu_order":1,"comment_status":"closed","ping_status":"closed","template":"","meta":{"footnotes":""},"class_list":["post-10","page","type-page","status-publish","hentry"],"_links":{"self":[{"href":"http:\/\/www.redeoza.org\/pantasmasdeoza\/wp-json\/wp\/v2\/pages\/10"}],"collection":[{"href":"http:\/\/www.redeoza.org\/pantasmasdeoza\/wp-json\/wp\/v2\/pages"}],"about":[{"href":"http:\/\/www.redeoza.org\/pantasmasdeoza\/wp-json\/wp\/v2\/types\/page"}],"author":[{"embeddable":true,"href":"http:\/\/www.redeoza.org\/pantasmasdeoza\/wp-json\/wp\/v2\/users\/4"}],"replies":[{"embeddable":true,"href":"http:\/\/www.redeoza.org\/pantasmasdeoza\/wp-json\/wp\/v2\/comments?post=10"}],"version-history":[{"count":12,"href":"http:\/\/www.redeoza.org\/pantasmasdeoza\/wp-json\/wp\/v2\/pages\/10\/revisions"}],"predecessor-version":[{"id":587,"href":"http:\/\/www.redeoza.org\/pantasmasdeoza\/wp-json\/wp\/v2\/pages\/10\/revisions\/587"}],"wp:attachment":[{"href":"http:\/\/www.redeoza.org\/pantasmasdeoza\/wp-json\/wp\/v2\/media?parent=10"}],"curies":[{"name":"wp","href":"https:\/\/api.w.org\/{rel}","templated":true}]}}